{"id":1937,"date":"2024-11-28T17:52:24","date_gmt":"2024-11-28T16:52:24","guid":{"rendered":"https:\/\/cfto.fabienherledan.fr\/contact\/"},"modified":"2025-09-25T18:38:15","modified_gmt":"2025-09-25T16:38:15","slug":"contact","status":"publish","type":"page","link":"https:\/\/cfto.eu\/en\/contact\/","title":{"rendered":"Contact"},"content":{"rendered":"","protected":false},"excerpt":{"rendered":"","protected":false},"author":2,"featured_media":0,"parent":0,"menu_order":8,"comment_status":"closed","ping_status":"closed","template":"page-acces.php","meta":{"_acf_changed":false,"_seopress_robots_primary_cat":"","_seopress_titles_title":"Contact and locate CFTO in Concarneau, Brittany","_seopress_titles_desc":"Initial contact with the Compagnie Fran\u00e7aise du Thon Oc\u00e9anique (CFTO) and location of premises based in Concarneau in Finist\u00e8re, Brittany.","_seopress_robots_index":"","footnotes":""},"class_list":["post-1937","page","type-page","status-publish"],"acf":[],"_links":{"self":[{"href":"https:\/\/cfto.eu\/en\/wp-json\/wp\/v2\/pages\/1937","targetHints":{"allow":["GET"]}}],"collection":[{"href":"https:\/\/cfto.eu\/en\/wp-json\/wp\/v2\/pages"}],"about":[{"href":"https:\/\/cfto.eu\/en\/wp-json\/wp\/v2\/types\/page"}],"author":[{"embeddable":true,"href":"https:\/\/cfto.eu\/en\/wp-json\/wp\/v2\/users\/2"}],"replies":[{"embeddable":true,"href":"https:\/\/cfto.eu\/en\/wp-json\/wp\/v2\/comments?post=1937"}],"version-history":[{"count":0,"href":"https:\/\/cfto.eu\/en\/wp-json\/wp\/v2\/pages\/1937\/revisions"}],"wp:attachment":[{"href":"https:\/\/cfto.eu\/en\/wp-json\/wp\/v2\/media?parent=1937"}],"curies":[{"name":"wp","href":"https:\/\/api.w.org\/{rel}","templated":true}]}}